{"id":928,"date":"2024-03-09T00:20:27","date_gmt":"2024-03-08T23:20:27","guid":{"rendered":"https:\/\/metgears.eu\/?page_id=928"},"modified":"2024-03-09T00:22:11","modified_gmt":"2024-03-08T23:22:11","slug":"politica-de-cookies","status":"publish","type":"page","link":"https:\/\/metgears.eu\/en\/politica-de-cookies\/","title":{"rendered":"Cookie policy"},"content":{"rendered":"<div data-elementor-type=\"wp-page\" data-elementor-id=\"928\" class=\"elementor elementor-928\" data-elementor-post-type=\"page\">\n\t\t\t\t<div class=\"elementor-element elementor-element-6171b74 e-flex e-con-boxed e-con e-parent\" data-id=\"6171b74\" data-element_type=\"container\" data-settings=\"{&quot;background_background&quot;:&quot;classic&quot;,&quot;ekit_has_onepagescroll_dot&quot;:&quot;yes&quot;}\" data-e-bg-lazyload=\"\" data-core-v316-plus=\"true\">\n\t\t\t\t\t<div class=\"e-con-inner\">\n\t\t\t\t<div class=\"elementor-element elementor-element-28f16fb elementor-widget elementor-widget-heading\" data-id=\"28f16fb\" data-element_type=\"widget\" data-settings=\"{&quot;ekit_we_effect_on&quot;:&quot;none&quot;}\" data-widget_type=\"heading.default\">\n\t\t\t\t<div class=\"elementor-widget-container\">\n\t\t\t<style>\/*! elementor - v3.20.0 - 26-03-2024 *\/\n.elementor-heading-title{padding:0;margin:0;line-height:1}.elementor-widget-heading .elementor-heading-title[class*=elementor-size-]>a{color:inherit;font-size:inherit;line-height:inherit}.elementor-widget-heading .elementor-heading-title.elementor-size-small{font-size:15px}.elementor-widget-heading .elementor-heading-title.elementor-size-medium{font-size:19px}.elementor-widget-heading .elementor-heading-title.elementor-size-large{font-size:29px}.elementor-widget-heading .elementor-heading-title.elementor-size-xl{font-size:39px}.elementor-widget-heading .elementor-heading-title.elementor-size-xxl{font-size:59px}<\/style><h1 class=\"elementor-heading-title elementor-size-default\">Cookie policy<\/h1>\t\t<\/div>\n\t\t\t\t<\/div>\n\t\t\t\t\t<\/div>\n\t\t\t\t<\/div>\n\t\t<div class=\"elementor-element elementor-element-3a766f6 e-flex e-con-boxed e-con e-parent\" data-id=\"3a766f6\" data-element_type=\"container\" data-settings=\"{&quot;background_background&quot;:&quot;classic&quot;,&quot;animation&quot;:&quot;none&quot;,&quot;ekit_has_onepagescroll_dot&quot;:&quot;yes&quot;}\" data-core-v316-plus=\"true\">\n\t\t\t\t\t<div class=\"e-con-inner\">\n\t\t<div class=\"elementor-element elementor-element-69c4708 e-con-full e-flex e-con e-child\" data-id=\"69c4708\" data-element_type=\"container\" data-settings=\"{&quot;ekit_has_onepagescroll_dot&quot;:&quot;yes&quot;}\">\n\t\t\t\t<div class=\"elementor-element elementor-element-b08417c elementor-icon-list--layout-inline elementor-list-item-link-full_width elementor-widget elementor-widget-icon-list\" data-id=\"b08417c\" data-element_type=\"widget\" data-settings=\"{&quot;ekit_we_effect_on&quot;:&quot;none&quot;}\" data-widget_type=\"icon-list.default\">\n\t\t\t\t<div class=\"elementor-widget-container\">\n\t\t\t<link rel=\"stylesheet\" href=\"https:\/\/metgears.eu\/wp-content\/plugins\/elementor\/assets\/css\/widget-icon-list.min.css\">\t\t<ul class=\"elementor-icon-list-items elementor-inline-items\">\n\t\t\t\t\t\t\t<li class=\"elementor-icon-list-item elementor-inline-item\">\n\t\t\t\t\t\t\t\t\t\t\t<span class=\"elementor-icon-list-icon\">\n\t\t\t\t\t\t\t<i aria-hidden=\"true\" class=\"icon icon-home\"><\/i>\t\t\t\t\t\t<\/span>\n\t\t\t\t\t\t\t\t\t\t<span class=\"elementor-icon-list-text\">Home<\/span>\n\t\t\t\t\t\t\t\t\t<\/li>\n\t\t\t\t\t\t\t\t<li class=\"elementor-icon-list-item elementor-inline-item\">\n\t\t\t\t\t\t\t\t\t\t\t<span class=\"elementor-icon-list-icon\">\n\t\t\t\t\t\t\t<i aria-hidden=\"true\" class=\"fas fa-chevron-right\"><\/i>\t\t\t\t\t\t<\/span>\n\t\t\t\t\t\t\t\t\t\t<span class=\"elementor-icon-list-text\">Cookie policy<\/span>\n\t\t\t\t\t\t\t\t\t<\/li>\n\t\t\t\t\t\t<\/ul>\n\t\t\t\t<\/div>\n\t\t\t\t<\/div>\n\t\t\t\t<\/div>\n\t\t\t\t\t<\/div>\n\t\t\t\t<\/div>\n\t\t<div class=\"elementor-element elementor-element-481c0c21 e-flex e-con-boxed e-con e-parent\" data-id=\"481c0c21\" data-element_type=\"container\" data-settings=\"{&quot;ekit_has_onepagescroll_dot&quot;:&quot;yes&quot;}\" data-core-v316-plus=\"true\">\n\t\t\t\t\t<div class=\"e-con-inner\">\n\t\t\t\t<div class=\"elementor-element elementor-element-40c06eb1 elementor-widget elementor-widget-text-editor\" data-id=\"40c06eb1\" data-element_type=\"widget\" data-settings=\"{&quot;ekit_we_effect_on&quot;:&quot;none&quot;}\" data-widget_type=\"text-editor.default\">\n\t\t\t\t<div class=\"elementor-widget-container\">\n\t\t\t<style>\/*! elementor - v3.20.0 - 26-03-2024 *\/\n.elementor-widget-text-editor.elementor-drop-cap-view-stacked .elementor-drop-cap{background-color:#69727d;color:#fff}.elementor-widget-text-editor.elementor-drop-cap-view-framed .elementor-drop-cap{color:#69727d;border:3px solid;background-color:transparent}.elementor-widget-text-editor:not(.elementor-drop-cap-view-default) .elementor-drop-cap{margin-top:8px}.elementor-widget-text-editor:not(.elementor-drop-cap-view-default) .elementor-drop-cap-letter{width:1em;height:1em}.elementor-widget-text-editor .elementor-drop-cap{float:left;text-align:center;line-height:1;font-size:50px}.elementor-widget-text-editor .elementor-drop-cap-letter{display:inline-block}<\/style>\t\t\t\t<p>MET GEARS SL quiere informarle sobre el uso de las cookies en sus sitios web.<\/p><p>Las cookies son archivos que se pueden descargar en su equipo a trav\u00e9s de las p\u00e1ginas web. Son herramientas que tienen un papel esencial para la prestaci\u00f3n de numerosos servicios de la sociedad de la informaci\u00f3n. Entre otros, permiten a un sitio web almacenar y recuperar informaci\u00f3n sobre los h\u00e1bitos de navegaci\u00f3n de un usuario o de su equipo y, dependiendo de la informaci\u00f3n obtenida, se pueden utilizar para reconocer al usuario y mejorar el servicio ofrecido.<\/p><p><strong>Tipos de cookies <\/strong><\/p><p>Se pueden distinguir dos tipos de cookies, seg\u00fan quien sea la entidad que gestione el dominio desde donde se env\u00edan las cookies y trate los datos que se obtengan: cookies propias y cookies de terceros.<\/p><p>Adem\u00e1s, hablamos de cookies de sesi\u00f3n o cookies permanentes, cuando se trata del plazo de tiempo que permanecen almacenadas en el navegador del cliente.<\/p><p>Por \u00faltimo, existe otra clasificaci\u00f3n con cinco tipos de cookies seg\u00fan la finalidad para la que se traten los datos obtenidos: cookies t\u00e9cnicas, cookies de personalizaci\u00f3n, cookies de an\u00e1lisis, cookies publicitarias y cookies de publicidad comportamental.<\/p><p>Quedan exceptuadas del cumplimiento de las obligaciones establecidas en el art\u00edculo 22.2 de la Ley 34\/2002, de 11 de julio, de servicios de la sociedad de la informaci\u00f3n y de comercio electr\u00f3nico, en adelante LSSI, las cookies utilizadas para alguna de las siguientes finalidades:<\/p><p>\u2013\u00a0\u00a0 Permitir \u00fanicamente la comunicaci\u00f3n entre el equipo del usuario y la red.<\/p><p>\u2013\u00a0\u00a0 Estrictamente prestar un servicio expresamente solicitado por el usuario.<\/p><p>En este sentido el Grupo de Trabajo del Art\u00edculo 29 en su Dictamen 4\/2012 (Dictamen 4\/2012 sobre la exenci\u00f3n del requisito de consentimiento de Cookies, <a href=\"http:\/\/ec.europa.eu\/justice\/data-protection\/article-29\/documentation\/opinion-recommendation\/files\/2012\/wp194_es.pdf\">http:\/\/ec.europa.eu\/justice\/data-protection\/article-29\/documentation\/opinion-recommendation\/files\/2012\/wp194_es.pdf<\/a>) ha interpretado que entre las cookies exceptuadas estar\u00edan aquellas que tienen por finalidad:<\/p><p>\u2013\u00a0 Cookies de \u00abentrada del usuario\u00bb<\/p><p>\u2013\u00a0 Cookies de autenticaci\u00f3n o identificaci\u00f3n de usuario (\u00fanicamente de sesi\u00f3n)<\/p><p>\u2013\u00a0 Cookies de seguridad del usuario<\/p><p>\u2013\u00a0 Cookies de sesi\u00f3n de reproductor multimedia<\/p><p>\u2013\u00a0 Cookies de sesi\u00f3n para equilibrar la carga<\/p><p>\u2013\u00a0 Cookies de personalizaci\u00f3n de la interfaz de usuario<\/p><p>\u2013\u00a0 Cookies de complemento (plug-in) para intercambiar contenidos sociales<\/p><p>As\u00ed pues, puede entenderse que estas cookies quedan excluidas del \u00e1mbito de aplicaci\u00f3n del art\u00edculo 22.2 de la LSSI, y por lo tanto, no ser\u00eda necesario informar ni obtener el consentimiento sobre su uso.<\/p><p><strong>Cookies utilizadas en la web:<\/strong><\/p><p><u>Google Analytics<\/u><\/p><p>Los sitios web de MET GEARS utilizan Google Analytics, un servicio de anal\u00edtica web desarrollada por Google, que permite la medici\u00f3n y an\u00e1lisis de la navegaci\u00f3n en los sitios web. En su navegador podr\u00e1 observar cookies de este servicio. Seg\u00fan la tipolog\u00eda anterior se trata de cookies propias, de sesi\u00f3n y de an\u00e1lisis. Puede encontrar m\u00e1s informaci\u00f3n al respecto e inhabilitar el uso de estas cookies en <a href=\"https:\/\/developers.google.com\/analytics\/devguides\/collection\/analyticsjs\/cookie-usage\">https:\/\/developers.google.com\/analytics\/devguides\/collection\/analyticsjs\/cookie-usage<\/a><\/p><p>A trav\u00e9s de la anal\u00edtica web se obtiene informaci\u00f3n relativa al n\u00famero de usuarios que acceden a la web, el n\u00famero de p\u00e1ginas vistas, la frecuencia y repetici\u00f3n de las visitas, su duraci\u00f3n, el navegador utilizado, el operador que presta el servicio, el idioma, el terminal que utiliza, o la ciudad a la que est\u00e1 asignada su direcci\u00f3n IP. Informaci\u00f3n que posibilita un mejor y m\u00e1s apropiado servicio por parte de este sitio web.<\/p><p><u>Google maps<\/u><\/p><p>Los sitios web de MET GEARS utilizan Google maps. Puede encontrar m\u00e1s informaci\u00f3n al respecto en <a href=\"https:\/\/www.google.com\/intl\/es\/policies\/technologies\/cookies\/\">https:\/\/www.google.com\/intl\/es\/policies\/technologies\/cookies\/<\/a><\/p><p><strong>Aceptaci\u00f3n de la Pol\u00edtica de cookies<\/strong><\/p><p>MET GEARS asume que usted acepta el uso de cookies. No obstante, muestra informaci\u00f3n sobre su Pol\u00edtica de cookies en la parte inferior de cualquier p\u00e1gina de los sitios web con cada inicio de sesi\u00f3n con el objeto de que usted sea consciente.<\/p><p>Ante esta informaci\u00f3n es posible llevar a cabo las siguientes acciones:<\/p><p>Aceptar cookies. No se volver\u00e1 a visualizar este aviso al acceder a cualquier p\u00e1gina de los sitios web durante la presente sesi\u00f3n.<\/p><p>No aceptar. La web no funcionar\u00e1 correctamente y no se podr\u00e1 navegar por ella.<\/p><p><strong>Modificar su configuraci\u00f3n:<\/strong><\/p><p>C\u00f3mo modificar la configuraci\u00f3n de las cookies<\/p><p>Usted puede restringir, bloquear o borrar las cookies de MET GEARS o cualquier otro sitio web, utilizando su navegador. En cada navegador la operativa es diferente, la funci\u00f3n de \u2018Ayuda\u201d le mostrar\u00e1 c\u00f3mo hacerlo.<\/p><p>Internet Explorer: <a href=\"http:\/\/windows.microsoft.com\/es-xl\/internet-explorer\/delete-manage-cookies%23ie=ie-10\">windows.microsoft.com\/es-xl\/internet-explorer\/delete-manage-cookies#ie=\u201die-10\u2033 <\/a><\/p><p>FireFox: <a href=\"https:\/\/support.mozilla.org\/es\/kb\/Borrar%2520cookies\">support.mozilla.org\/es\/kb\/Borrar%20cookies <\/a><\/p><p>Chrome: <a href=\"https:\/\/support.google.com\/chrome\/answer\/95647?hl=es\">support.google.com\/chrome\/answer\/95647?hl=\u201des\u201d <\/a><\/p><p>Safari: <a href=\"http:\/\/www.apple.com\/es\/privacy\/use-of-cookies\/\">www.apple.com\/es\/privacy\/use-of-cookies\/ <\/a><\/p><p>Adem\u00e1s, tambi\u00e9n puede gestionar el almac\u00e9n de cookies en su navegador a trav\u00e9s de herramientas como las siguientes:<\/p><p>Ghostery: <a href=\"http:\/\/www.ghostery.com\/\">www.ghostery.com\/ <\/a>Your online choices: <a href=\"http:\/\/www.youronlinechoices.com\/es\/\">www.youronlinechoices.com\/es\/<\/a><\/p>\t\t\t\t\t\t<\/div>\n\t\t\t\t<\/div>\n\t\t\t\t\t<\/div>\n\t\t\t\t<\/div>\n\t\t\t\t<\/div>","protected":false},"excerpt":{"rendered":"<p>Home MET GEARS SL quiere informarle sobre el uso de las cookies en sus sitios web. Las cookies son archivos que se pueden descargar en su equipo a trav\u00e9s de las p\u00e1ginas web. Son herramientas que tienen un papel esencial para la prestaci\u00f3n de numerosos servicios de la sociedad de la informaci\u00f3n. Entre otros, permiten [&hellip;]<\/p>","protected":false},"author":1,"featured_media":0,"parent":0,"menu_order":0,"comment_status":"closed","ping_status":"closed","template":"","meta":{"footnotes":""},"yoast_head":"<!-- This site is optimized with the Yoast SEO plugin v22.4 - https:\/\/yoast.com\/wordpress\/plugins\/seo\/ -->\n<title>Pol\u00edtica de Cookies - Met Gears<\/title>\n<meta name=\"robots\" content=\"index, follow, max-snippet:-1, max-image-preview:large, max-video-preview:-1\" \/>\n<link rel=\"canonical\" href=\"https:\/\/metgears.eu\/en\/politica-de-cookies\/\" \/>\n<meta property=\"og:locale\" content=\"en_US\" \/>\n<meta property=\"og:type\" content=\"article\" \/>\n<meta property=\"og:title\" content=\"Pol\u00edtica de Cookies - Met Gears\" \/>\n<meta property=\"og:description\" content=\"Home MET GEARS SL quiere informarle sobre el uso de las cookies en sus sitios web. Las cookies son archivos que se pueden descargar en su equipo a trav\u00e9s de las p\u00e1ginas web. Son herramientas que tienen un papel esencial para la prestaci\u00f3n de numerosos servicios de la sociedad de la informaci\u00f3n. Entre otros, permiten [&hellip;]\" \/>\n<meta property=\"og:url\" content=\"https:\/\/metgears.eu\/en\/politica-de-cookies\/\" \/>\n<meta property=\"og:site_name\" content=\"Met Gears\" \/>\n<meta property=\"article:modified_time\" content=\"2024-03-08T23:22:11+00:00\" \/>\n<meta name=\"twitter:card\" content=\"summary_large_image\" \/>\n<meta name=\"twitter:label1\" content=\"Est. reading time\" \/>\n\t<meta name=\"twitter:data1\" content=\"4 minutes\" \/>\n<script type=\"application\/ld+json\" class=\"yoast-schema-graph\">{\"@context\":\"https:\/\/schema.org\",\"@graph\":[{\"@type\":\"WebPage\",\"@id\":\"https:\/\/metgears.eu\/politica-de-cookies\/\",\"url\":\"https:\/\/metgears.eu\/politica-de-cookies\/\",\"name\":\"Pol\u00edtica de Cookies - Met Gears\",\"isPartOf\":{\"@id\":\"https:\/\/metgears.eu\/#website\"},\"datePublished\":\"2024-03-08T23:20:27+00:00\",\"dateModified\":\"2024-03-08T23:22:11+00:00\",\"breadcrumb\":{\"@id\":\"https:\/\/metgears.eu\/politica-de-cookies\/#breadcrumb\"},\"inLanguage\":\"en-US\",\"potentialAction\":[{\"@type\":\"ReadAction\",\"target\":[\"https:\/\/metgears.eu\/politica-de-cookies\/\"]}]},{\"@type\":\"BreadcrumbList\",\"@id\":\"https:\/\/metgears.eu\/politica-de-cookies\/#breadcrumb\",\"itemListElement\":[{\"@type\":\"ListItem\",\"position\":1,\"name\":\"Portada\",\"item\":\"https:\/\/metgears.eu\/\"},{\"@type\":\"ListItem\",\"position\":2,\"name\":\"Pol\u00edtica de Cookies\"}]},{\"@type\":\"WebSite\",\"@id\":\"https:\/\/metgears.eu\/#website\",\"url\":\"https:\/\/metgears.eu\/\",\"name\":\"Met Gears\",\"description\":\"Somos una empresa dedicada a la fabricaci\u00f3n de engranajes y piezas mecanizadas.\",\"publisher\":{\"@id\":\"https:\/\/metgears.eu\/#organization\"},\"potentialAction\":[{\"@type\":\"SearchAction\",\"target\":{\"@type\":\"EntryPoint\",\"urlTemplate\":\"https:\/\/metgears.eu\/?s={search_term_string}\"},\"query-input\":\"required name=search_term_string\"}],\"inLanguage\":\"en-US\"},{\"@type\":\"Organization\",\"@id\":\"https:\/\/metgears.eu\/#organization\",\"name\":\"Met Gears\",\"url\":\"https:\/\/metgears.eu\/\",\"logo\":{\"@type\":\"ImageObject\",\"inLanguage\":\"en-US\",\"@id\":\"https:\/\/metgears.eu\/#\/schema\/logo\/image\/\",\"url\":\"https:\/\/metgears.eu\/wp-content\/uploads\/2023\/02\/Logo-01.png\",\"contentUrl\":\"https:\/\/metgears.eu\/wp-content\/uploads\/2023\/02\/Logo-01.png\",\"width\":220,\"height\":70,\"caption\":\"Met Gears\"},\"image\":{\"@id\":\"https:\/\/metgears.eu\/#\/schema\/logo\/image\/\"}}]}<\/script>\n<!-- \/ Yoast SEO plugin. -->","yoast_head_json":{"title":"Pol\u00edtica de Cookies - Met Gears","robots":{"index":"index","follow":"follow","max-snippet":"max-snippet:-1","max-image-preview":"max-image-preview:large","max-video-preview":"max-video-preview:-1"},"canonical":"https:\/\/metgears.eu\/en\/politica-de-cookies\/","og_locale":"en_US","og_type":"article","og_title":"Pol\u00edtica de Cookies - Met Gears","og_description":"Home MET GEARS SL quiere informarle sobre el uso de las cookies en sus sitios web. Las cookies son archivos que se pueden descargar en su equipo a trav\u00e9s de las p\u00e1ginas web. Son herramientas que tienen un papel esencial para la prestaci\u00f3n de numerosos servicios de la sociedad de la informaci\u00f3n. Entre otros, permiten [&hellip;]","og_url":"https:\/\/metgears.eu\/en\/politica-de-cookies\/","og_site_name":"Met Gears","article_modified_time":"2024-03-08T23:22:11+00:00","twitter_card":"summary_large_image","twitter_misc":{"Est. reading time":"4 minutes"},"schema":{"@context":"https:\/\/schema.org","@graph":[{"@type":"WebPage","@id":"https:\/\/metgears.eu\/politica-de-cookies\/","url":"https:\/\/metgears.eu\/politica-de-cookies\/","name":"Pol\u00edtica de Cookies - Met Gears","isPartOf":{"@id":"https:\/\/metgears.eu\/#website"},"datePublished":"2024-03-08T23:20:27+00:00","dateModified":"2024-03-08T23:22:11+00:00","breadcrumb":{"@id":"https:\/\/metgears.eu\/politica-de-cookies\/#breadcrumb"},"inLanguage":"en-US","potentialAction":[{"@type":"ReadAction","target":["https:\/\/metgears.eu\/politica-de-cookies\/"]}]},{"@type":"BreadcrumbList","@id":"https:\/\/metgears.eu\/politica-de-cookies\/#breadcrumb","itemListElement":[{"@type":"ListItem","position":1,"name":"Portada","item":"https:\/\/metgears.eu\/"},{"@type":"ListItem","position":2,"name":"Pol\u00edtica de Cookies"}]},{"@type":"WebSite","@id":"https:\/\/metgears.eu\/#website","url":"https:\/\/metgears.eu\/","name":"Met Gears","description":"Somos una empresa dedicada a la fabricaci\u00f3n de engranajes y piezas mecanizadas.","publisher":{"@id":"https:\/\/metgears.eu\/#organization"},"potentialAction":[{"@type":"SearchAction","target":{"@type":"EntryPoint","urlTemplate":"https:\/\/metgears.eu\/?s={search_term_string}"},"query-input":"required name=search_term_string"}],"inLanguage":"en-US"},{"@type":"Organization","@id":"https:\/\/metgears.eu\/#organization","name":"Met Gears","url":"https:\/\/metgears.eu\/","logo":{"@type":"ImageObject","inLanguage":"en-US","@id":"https:\/\/metgears.eu\/#\/schema\/logo\/image\/","url":"https:\/\/metgears.eu\/wp-content\/uploads\/2023\/02\/Logo-01.png","contentUrl":"https:\/\/metgears.eu\/wp-content\/uploads\/2023\/02\/Logo-01.png","width":220,"height":70,"caption":"Met Gears"},"image":{"@id":"https:\/\/metgears.eu\/#\/schema\/logo\/image\/"}}]}},"_links":{"self":[{"href":"https:\/\/metgears.eu\/en\/wp-json\/wp\/v2\/pages\/928"}],"collection":[{"href":"https:\/\/metgears.eu\/en\/wp-json\/wp\/v2\/pages"}],"about":[{"href":"https:\/\/metgears.eu\/en\/wp-json\/wp\/v2\/types\/page"}],"author":[{"embeddable":true,"href":"https:\/\/metgears.eu\/en\/wp-json\/wp\/v2\/users\/1"}],"replies":[{"embeddable":true,"href":"https:\/\/metgears.eu\/en\/wp-json\/wp\/v2\/comments?post=928"}],"version-history":[{"count":4,"href":"https:\/\/metgears.eu\/en\/wp-json\/wp\/v2\/pages\/928\/revisions"}],"predecessor-version":[{"id":934,"href":"https:\/\/metgears.eu\/en\/wp-json\/wp\/v2\/pages\/928\/revisions\/934"}],"wp:attachment":[{"href":"https:\/\/metgears.eu\/en\/wp-json\/wp\/v2\/media?parent=928"}],"curies":[{"name":"wp","href":"https:\/\/api.w.org\/{rel}","templated":true}]}}