{"id":3,"date":"2023-02-07T02:43:30","date_gmt":"2023-02-07T02:43:30","guid":{"rendered":"http:\/\/localhost:8888\/jj\/?page_id=3"},"modified":"2024-03-09T00:23:54","modified_gmt":"2024-03-08T23:23:54","slug":"politica-privacidad","status":"publish","type":"page","link":"https:\/\/metgears.eu\/en\/politica-privacidad\/","title":{"rendered":"Privacy policy"},"content":{"rendered":"<div data-elementor-type=\"wp-page\" data-elementor-id=\"3\" class=\"elementor elementor-3\" data-elementor-post-type=\"page\">\n\t\t\t\t<div class=\"elementor-element elementor-element-6171b74 e-flex e-con-boxed e-con e-parent\" data-id=\"6171b74\" data-element_type=\"container\" data-settings=\"{&quot;background_background&quot;:&quot;classic&quot;,&quot;ekit_has_onepagescroll_dot&quot;:&quot;yes&quot;}\" data-e-bg-lazyload=\"\" data-core-v316-plus=\"true\">\n\t\t\t\t\t<div class=\"e-con-inner\">\n\t\t\t\t<div class=\"elementor-element elementor-element-28f16fb elementor-widget elementor-widget-heading\" data-id=\"28f16fb\" data-element_type=\"widget\" data-settings=\"{&quot;ekit_we_effect_on&quot;:&quot;none&quot;}\" data-widget_type=\"heading.default\">\n\t\t\t\t<div class=\"elementor-widget-container\">\n\t\t\t<style>\/*! elementor - v3.20.0 - 26-03-2024 *\/\n.elementor-heading-title{padding:0;margin:0;line-height:1}.elementor-widget-heading .elementor-heading-title[class*=elementor-size-]>a{color:inherit;font-size:inherit;line-height:inherit}.elementor-widget-heading .elementor-heading-title.elementor-size-small{font-size:15px}.elementor-widget-heading .elementor-heading-title.elementor-size-medium{font-size:19px}.elementor-widget-heading .elementor-heading-title.elementor-size-large{font-size:29px}.elementor-widget-heading .elementor-heading-title.elementor-size-xl{font-size:39px}.elementor-widget-heading .elementor-heading-title.elementor-size-xxl{font-size:59px}<\/style><h1 class=\"elementor-heading-title elementor-size-default\">Privacy policy<\/h1>\t\t<\/div>\n\t\t\t\t<\/div>\n\t\t\t\t\t<\/div>\n\t\t\t\t<\/div>\n\t\t<div class=\"elementor-element elementor-element-3a766f6 e-flex e-con-boxed e-con e-parent\" data-id=\"3a766f6\" data-element_type=\"container\" data-settings=\"{&quot;background_background&quot;:&quot;classic&quot;,&quot;animation&quot;:&quot;none&quot;,&quot;ekit_has_onepagescroll_dot&quot;:&quot;yes&quot;}\" data-core-v316-plus=\"true\">\n\t\t\t\t\t<div class=\"e-con-inner\">\n\t\t<div class=\"elementor-element elementor-element-69c4708 e-con-full e-flex e-con e-child\" data-id=\"69c4708\" data-element_type=\"container\" data-settings=\"{&quot;ekit_has_onepagescroll_dot&quot;:&quot;yes&quot;}\">\n\t\t\t\t<div class=\"elementor-element elementor-element-b08417c elementor-icon-list--layout-inline elementor-list-item-link-full_width elementor-widget elementor-widget-icon-list\" data-id=\"b08417c\" data-element_type=\"widget\" data-settings=\"{&quot;ekit_we_effect_on&quot;:&quot;none&quot;}\" data-widget_type=\"icon-list.default\">\n\t\t\t\t<div class=\"elementor-widget-container\">\n\t\t\t<link rel=\"stylesheet\" href=\"https:\/\/metgears.eu\/wp-content\/plugins\/elementor\/assets\/css\/widget-icon-list.min.css\">\t\t<ul class=\"elementor-icon-list-items elementor-inline-items\">\n\t\t\t\t\t\t\t<li class=\"elementor-icon-list-item elementor-inline-item\">\n\t\t\t\t\t\t\t\t\t\t\t<span class=\"elementor-icon-list-icon\">\n\t\t\t\t\t\t\t<i aria-hidden=\"true\" class=\"icon icon-home\"><\/i>\t\t\t\t\t\t<\/span>\n\t\t\t\t\t\t\t\t\t\t<span class=\"elementor-icon-list-text\">Home<\/span>\n\t\t\t\t\t\t\t\t\t<\/li>\n\t\t\t\t\t\t\t\t<li class=\"elementor-icon-list-item elementor-inline-item\">\n\t\t\t\t\t\t\t\t\t\t\t<span class=\"elementor-icon-list-icon\">\n\t\t\t\t\t\t\t<i aria-hidden=\"true\" class=\"fas fa-chevron-right\"><\/i>\t\t\t\t\t\t<\/span>\n\t\t\t\t\t\t\t\t\t\t<span class=\"elementor-icon-list-text\">Privacy policy<\/span>\n\t\t\t\t\t\t\t\t\t<\/li>\n\t\t\t\t\t\t<\/ul>\n\t\t\t\t<\/div>\n\t\t\t\t<\/div>\n\t\t\t\t<\/div>\n\t\t\t\t\t<\/div>\n\t\t\t\t<\/div>\n\t\t<div class=\"elementor-element elementor-element-481c0c21 e-flex e-con-boxed e-con e-parent\" data-id=\"481c0c21\" data-element_type=\"container\" data-settings=\"{&quot;ekit_has_onepagescroll_dot&quot;:&quot;yes&quot;}\" data-core-v316-plus=\"true\">\n\t\t\t\t\t<div class=\"e-con-inner\">\n\t\t\t\t<div class=\"elementor-element elementor-element-40c06eb1 elementor-widget elementor-widget-text-editor\" data-id=\"40c06eb1\" data-element_type=\"widget\" data-settings=\"{&quot;ekit_we_effect_on&quot;:&quot;none&quot;}\" data-widget_type=\"text-editor.default\">\n\t\t\t\t<div class=\"elementor-widget-container\">\n\t\t\t<style>\/*! elementor - v3.20.0 - 26-03-2024 *\/\n.elementor-widget-text-editor.elementor-drop-cap-view-stacked .elementor-drop-cap{background-color:#69727d;color:#fff}.elementor-widget-text-editor.elementor-drop-cap-view-framed .elementor-drop-cap{color:#69727d;border:3px solid;background-color:transparent}.elementor-widget-text-editor:not(.elementor-drop-cap-view-default) .elementor-drop-cap{margin-top:8px}.elementor-widget-text-editor:not(.elementor-drop-cap-view-default) .elementor-drop-cap-letter{width:1em;height:1em}.elementor-widget-text-editor .elementor-drop-cap{float:left;text-align:center;line-height:1;font-size:50px}.elementor-widget-text-editor .elementor-drop-cap-letter{display:inline-block}<\/style>\t\t\t\t<p><strong>Identificaci\u00f3n del responsable:<\/strong><\/p><p>MET GEARS SL (en adelante, MET GEARS) con NIF B09985789 y domicilio en CALLE PORTAL DE BERGARA, 38, 01013, VITORIA-GASTEIZ, ALAVA<\/p><p>Contacto: met@metgears.eu<\/p><p><strong>\u00bfQui\u00e9n es el Responsable del tratamiento de sus datos?<\/strong><\/p><p>La presente pol\u00edtica de privacidad aplica a todos los datos de car\u00e1cter personal que el interesado aporte a MET GEARS, as\u00ed como a toda persona f\u00edsica interesada en las actividades y servicios que MET GEARS ofrece a trav\u00e9s de sus p\u00e1ginas web y a trav\u00e9s de cualquier otro medio de comunicaci\u00f3n. El objetivo de la Pol\u00edtica de Privacidad de MET GEARS es dar transparencia a la informaci\u00f3n de c\u00f3mo tratamos sus datos personales en cumplimiento de la normativa vigente en protecci\u00f3n de datos.<\/p><p>El interesado podr\u00e1 ponerse en contacto con MET GEARS a trav\u00e9s de la informaci\u00f3n detallada en la identificaci\u00f3n del responsable.<\/p><p>\u00bfCon qu\u00e9 finalidad tratamos sus datos personales y con qu\u00e9 legitimaci\u00f3n?<\/p><p>MET GEARS dispone de un Registro de Actividades de Tratamiento donde se detallan cada uno de los siguientes tratamientos realizados como responsable de tratamiento:<\/p><table width=\"602\"><tbody><tr><td width=\"77\"><p>TRATAMIENTO RGPD<\/p><\/td><td width=\"191\"><p>FINALIDAD RGPD<\/p><\/td><td width=\"333\"><p>BASE LEG\u00cdTIMA<\/p><\/td><\/tr><tr><td width=\"77\"><p>\u00a0 PERSONAS ASOCIADAS<\/p><\/td><td width=\"191\"><p>Gesti\u00f3n de las personas socias<\/p><\/td><td width=\"333\"><p>Art. 6.1 b) el tratamiento es necesario para la ejecuci\u00f3n de un contrato en el que el interesado es parte o para la aplicaci\u00f3n a petici\u00f3n de este de medidas precontractuales;<\/p><\/td><\/tr><tr><td width=\"77\"><p>VENTA CLIENTES WEB<\/p><\/td><td width=\"191\"><p>Gesti\u00f3n de la base de datos de contactos (personas vinculadas a clientes, proveedores, instituciones, administraciones p\u00fablicas y sociedades en general)<\/p><\/td><td width=\"333\"><p>Art. 6.1 f) el tratamiento es necesario para la satisfacci\u00f3n de intereses leg\u00edtimos perseguidos por el responsable del tratamiento o por un tercero<\/p><\/td><\/tr><tr><td width=\"77\"><p>GESTI\u00d3N DE EVENTOS<\/p><\/td><td width=\"191\"><p>Inscripci\u00f3n y gesti\u00f3n de asistentes a eventos<\/p><\/td><td width=\"333\"><p>Art. 6.1 a) el interesado dio su consentimiento para el tratamiento de sus datos personales para uno o varios fines espec\u00edficos;Art. 6.1 f) el tratamiento es necesario para la satisfacci\u00f3n de intereses leg\u00edtimos perseguidos por el responsable del tratamiento en relaci\u00f3n a la publicidad y promoci\u00f3n comercial<\/p><\/td><\/tr><\/tbody><\/table><p>En el caso, debidamente justificado, que requiera conocer mayor detalle en cuanto al Registro de Actividades de Tratamiento puede dirigirse a MET GEARS mediante cualquiera de los canales identificados<\/p><p>\u00bfPor cu\u00e1nto tiempo conservamos sus datos personales?<\/p><p>MET GEARS conservar\u00e1 los datos de los afectados mientras dure su relaci\u00f3n con la organizaci\u00f3n y posteriormente a la misma, se conservar\u00e1n los datos acorde a lo dispuesto en la normativa de archivo y documentaci\u00f3n que cada legislaci\u00f3n aplicable establezca. En caso de que solicite un derecho se proceder\u00e1 a la supresi\u00f3n de sus datos en funci\u00f3n al derecho que haya solicitado.<\/p><p><strong>\u00bfQui\u00e9n tiene acceso a sus datos personales?<\/strong><\/p><p>MET GEARS podr\u00e1 realizar cesiones o comunicaciones de datos personales para atender sus obligaciones con las Administraciones P\u00fablicas en los casos que as\u00ed se requiera de acuerdo con la legislaci\u00f3n vigente en cada momento.<\/p><p><strong>\u00bfCu\u00e1les son los derechos de los afectados?<\/strong><\/p><p>Le informamos de que podr\u00e1 ejercer los siguientes derechos:<\/p><ol><li>Derecho de acceso a sus datos personales para saber cu\u00e1les est\u00e1n siendo objeto de tratamiento;<\/li><li>Derecho de rectificaci\u00f3n de cualquier dato personal inexacto;<\/li><li>Derecho de supresi\u00f3n de sus datos personales, cuando esto sea posible;<\/li><li>Derecho a solicitar la limitaci\u00f3n del tratamiento de sus datos personales cuando la exactitud, la legalidad o la necesidad del tratamiento de los datos resulte dudosa, en cuyo caso, podremos conservar los datos para el ejercicio o la defensa de reclamaciones.<\/li><li>Derecho de oposici\u00f3n al tratamiento de sus datos personales, cuando la base legal que nos habilite para su tratamiento sea el inter\u00e9s leg\u00edtimo. MET GEARS dejar\u00e1 de tratar sus datos salvo que tenga un inter\u00e9s leg\u00edtimo imperioso o para la formulaci\u00f3n, el ejercicio o la defensa de reclamaciones.<\/li><li>Derecho a la portabilidad de sus datos, cuando la base legal que nos habilite para su tratamiento de las indicadas sea su consentimiento.<\/li><\/ol><p>Dichos derechos podr\u00e1n ser ejercitados gratuitamente por el interesado, y en su caso quien lo represente, mediante solicitud escrita dirigida a met@metgears.eu<\/p><p>Adem\u00e1s de los anteriores derechos, el interesado tendr\u00e1 derecho a retirar el consentimiento otorgado en cualquier momento sin que dicha retirada de consentimiento afecte a la licitud del tratamiento anterior a la retirada del mismo. MET GEARS podr\u00e1 continuar tratando los datos del interesado en la medida en que la ley aplicable lo permita.<\/p><p>MET GEARS recuerda al interesado que tiene derecho a presentar una reclamaci\u00f3n ante la Autoridad de Control competente del pa\u00eds en el que se encuentra.<\/p><p><strong>Baja en el servicio del env\u00edo de comunicaciones comerciales<\/strong><\/p><p>El interesado tiene derecho a revocar en cualquier momento el consentimiento prestado para el env\u00edo de comunicaciones comerciales con la simple notificaci\u00f3n a MET GEARS por la cual informa que no desea seguir recibiendo comunicaciones comerciales. Para ello, el interesado podr\u00e1 pinchar en el enlace incluido en cada comunicaci\u00f3n cancelando el env\u00edo de comunicaciones comerciales electr\u00f3nicas o bien revocar su consentimiento mediante comunicado a met@metgears.eu<\/p><p><strong>\u00bfQu\u00e9 medidas de seguridad tenemos implementadas?<\/strong><\/p><p>MET GEARS se compromete al cumplimiento de su obligaci\u00f3n de secreto de los datos de car\u00e1cter personal y de su deber de guardarlos, y adoptar\u00e1 las medidas necesarias para evitar su alteraci\u00f3n, p\u00e9rdida, tratamiento o acceso no autorizado, de acuerdo con lo establecido por normativa aplicable.<\/p><p>MET GEARS tiene implantadas las medidas de seguridad de \u00edndole t\u00e9cnica y organizativas necesarias para garantizar la seguridad de sus datos de car\u00e1cter personal y evitar su alteraci\u00f3n, p\u00e9rdida y tratamiento y\/o acceso no autorizado, habida cuenta del estado de la tecnolog\u00eda, la naturaleza de los datos almacenados y los riesgos a que est\u00e1n expuestos, ya provengan de la acci\u00f3n humana o del medio f\u00edsico o natural, de acuerdo a lo establecido por la normativa aplicable.<\/p><p>Links<\/p><p>La p\u00e1gina web de MET GEARS puede incluir hiperv\u00ednculos a otros sitios que no son operados o controlados por MET GEARS. Por ello, MET GEARS no garantiza, ni se hace responsable de la licitud, fiabilidad, utilidad, veracidad y actualidad de los contenidos de tales sitios web o de sus pr\u00e1cticas de privacidad. Por favor antes de proporcionar su informaci\u00f3n personal a estos sitios web ajenos a MET GEARS tenga en cuenta que su cumplimiento en materia de protecci\u00f3n de datos puede diferir del nuestro.<\/p><p><strong>Modificaci\u00f3n de la Pol\u00edtica de Privacidad<\/strong><\/p><p>MET GEARS podr\u00e1 modificar su Pol\u00edtica de Privacidad de acuerdo con la legislaci\u00f3n aplicable en cada momento. En todo caso, cualquier modificaci\u00f3n de la Pol\u00edtica de Privacidad le ser\u00e1 debidamente notificada al Afectado para que, quede informado de los cambios realizados en el tratamiento de sus datos personales y, en caso de que la normativa aplicable as\u00ed lo exija, el Afectado pueda otorgar su consentimiento.<\/p>\t\t\t\t\t\t<\/div>\n\t\t\t\t<\/div>\n\t\t\t\t\t<\/div>\n\t\t\t\t<\/div>\n\t\t\t\t<\/div>","protected":false},"excerpt":{"rendered":"<p>Home Identificaci\u00f3n del responsable: MET GEARS SL (en adelante, MET GEARS) con NIF B09985789 y domicilio en CALLE PORTAL DE BERGARA, 38, 01013, VITORIA-GASTEIZ, ALAVA Contacto: met@metgears.eu \u00bfQui\u00e9n es el Responsable del tratamiento de sus datos? La presente pol\u00edtica de privacidad aplica a todos los datos de car\u00e1cter personal que el interesado aporte a MET [&hellip;]<\/p>","protected":false},"author":1,"featured_media":0,"parent":0,"menu_order":0,"comment_status":"closed","ping_status":"closed","template":"","meta":{"footnotes":""},"yoast_head":"<!-- This site is optimized with the Yoast SEO plugin v22.4 - https:\/\/yoast.com\/wordpress\/plugins\/seo\/ -->\n<title>Pol\u00edtica de Privacidad - Met Gears<\/title>\n<meta name=\"robots\" content=\"index, follow, max-snippet:-1, max-image-preview:large, max-video-preview:-1\" \/>\n<link rel=\"canonical\" href=\"https:\/\/metgears.eu\/en\/politica-privacidad\/\" \/>\n<meta property=\"og:locale\" content=\"en_US\" \/>\n<meta property=\"og:type\" content=\"article\" \/>\n<meta property=\"og:title\" content=\"Pol\u00edtica de Privacidad - Met Gears\" \/>\n<meta property=\"og:description\" content=\"Home Identificaci\u00f3n del responsable: MET GEARS SL (en adelante, MET GEARS) con NIF B09985789 y domicilio en CALLE PORTAL DE BERGARA, 38, 01013, VITORIA-GASTEIZ, ALAVA Contacto: met@metgears.eu \u00bfQui\u00e9n es el Responsable del tratamiento de sus datos? La presente pol\u00edtica de privacidad aplica a todos los datos de car\u00e1cter personal que el interesado aporte a MET [&hellip;]\" \/>\n<meta property=\"og:url\" content=\"https:\/\/metgears.eu\/en\/politica-privacidad\/\" \/>\n<meta property=\"og:site_name\" content=\"Met Gears\" \/>\n<meta property=\"article:modified_time\" content=\"2024-03-08T23:23:54+00:00\" \/>\n<meta name=\"twitter:card\" content=\"summary_large_image\" \/>\n<meta name=\"twitter:label1\" content=\"Est. reading time\" \/>\n\t<meta name=\"twitter:data1\" content=\"5 minutes\" \/>\n<script type=\"application\/ld+json\" class=\"yoast-schema-graph\">{\"@context\":\"https:\/\/schema.org\",\"@graph\":[{\"@type\":\"WebPage\",\"@id\":\"https:\/\/metgears.eu\/politica-privacidad\/\",\"url\":\"https:\/\/metgears.eu\/politica-privacidad\/\",\"name\":\"Pol\u00edtica de Privacidad - Met Gears\",\"isPartOf\":{\"@id\":\"https:\/\/metgears.eu\/#website\"},\"datePublished\":\"2023-02-07T02:43:30+00:00\",\"dateModified\":\"2024-03-08T23:23:54+00:00\",\"breadcrumb\":{\"@id\":\"https:\/\/metgears.eu\/politica-privacidad\/#breadcrumb\"},\"inLanguage\":\"en-US\",\"potentialAction\":[{\"@type\":\"ReadAction\",\"target\":[\"https:\/\/metgears.eu\/politica-privacidad\/\"]}]},{\"@type\":\"BreadcrumbList\",\"@id\":\"https:\/\/metgears.eu\/politica-privacidad\/#breadcrumb\",\"itemListElement\":[{\"@type\":\"ListItem\",\"position\":1,\"name\":\"Portada\",\"item\":\"https:\/\/metgears.eu\/\"},{\"@type\":\"ListItem\",\"position\":2,\"name\":\"Pol\u00edtica de Privacidad\"}]},{\"@type\":\"WebSite\",\"@id\":\"https:\/\/metgears.eu\/#website\",\"url\":\"https:\/\/metgears.eu\/\",\"name\":\"Met Gears\",\"description\":\"Somos una empresa dedicada a la fabricaci\u00f3n de engranajes y piezas mecanizadas.\",\"publisher\":{\"@id\":\"https:\/\/metgears.eu\/#organization\"},\"potentialAction\":[{\"@type\":\"SearchAction\",\"target\":{\"@type\":\"EntryPoint\",\"urlTemplate\":\"https:\/\/metgears.eu\/?s={search_term_string}\"},\"query-input\":\"required name=search_term_string\"}],\"inLanguage\":\"en-US\"},{\"@type\":\"Organization\",\"@id\":\"https:\/\/metgears.eu\/#organization\",\"name\":\"Met Gears\",\"url\":\"https:\/\/metgears.eu\/\",\"logo\":{\"@type\":\"ImageObject\",\"inLanguage\":\"en-US\",\"@id\":\"https:\/\/metgears.eu\/#\/schema\/logo\/image\/\",\"url\":\"https:\/\/metgears.eu\/wp-content\/uploads\/2023\/02\/Logo-01.png\",\"contentUrl\":\"https:\/\/metgears.eu\/wp-content\/uploads\/2023\/02\/Logo-01.png\",\"width\":220,\"height\":70,\"caption\":\"Met Gears\"},\"image\":{\"@id\":\"https:\/\/metgears.eu\/#\/schema\/logo\/image\/\"}}]}<\/script>\n<!-- \/ Yoast SEO plugin. -->","yoast_head_json":{"title":"Pol\u00edtica de Privacidad - Met Gears","robots":{"index":"index","follow":"follow","max-snippet":"max-snippet:-1","max-image-preview":"max-image-preview:large","max-video-preview":"max-video-preview:-1"},"canonical":"https:\/\/metgears.eu\/en\/politica-privacidad\/","og_locale":"en_US","og_type":"article","og_title":"Pol\u00edtica de Privacidad - Met Gears","og_description":"Home Identificaci\u00f3n del responsable: MET GEARS SL (en adelante, MET GEARS) con NIF B09985789 y domicilio en CALLE PORTAL DE BERGARA, 38, 01013, VITORIA-GASTEIZ, ALAVA Contacto: met@metgears.eu \u00bfQui\u00e9n es el Responsable del tratamiento de sus datos? La presente pol\u00edtica de privacidad aplica a todos los datos de car\u00e1cter personal que el interesado aporte a MET [&hellip;]","og_url":"https:\/\/metgears.eu\/en\/politica-privacidad\/","og_site_name":"Met Gears","article_modified_time":"2024-03-08T23:23:54+00:00","twitter_card":"summary_large_image","twitter_misc":{"Est. reading time":"5 minutes"},"schema":{"@context":"https:\/\/schema.org","@graph":[{"@type":"WebPage","@id":"https:\/\/metgears.eu\/politica-privacidad\/","url":"https:\/\/metgears.eu\/politica-privacidad\/","name":"Pol\u00edtica de Privacidad - Met Gears","isPartOf":{"@id":"https:\/\/metgears.eu\/#website"},"datePublished":"2023-02-07T02:43:30+00:00","dateModified":"2024-03-08T23:23:54+00:00","breadcrumb":{"@id":"https:\/\/metgears.eu\/politica-privacidad\/#breadcrumb"},"inLanguage":"en-US","potentialAction":[{"@type":"ReadAction","target":["https:\/\/metgears.eu\/politica-privacidad\/"]}]},{"@type":"BreadcrumbList","@id":"https:\/\/metgears.eu\/politica-privacidad\/#breadcrumb","itemListElement":[{"@type":"ListItem","position":1,"name":"Portada","item":"https:\/\/metgears.eu\/"},{"@type":"ListItem","position":2,"name":"Pol\u00edtica de Privacidad"}]},{"@type":"WebSite","@id":"https:\/\/metgears.eu\/#website","url":"https:\/\/metgears.eu\/","name":"Met Gears","description":"Somos una empresa dedicada a la fabricaci\u00f3n de engranajes y piezas mecanizadas.","publisher":{"@id":"https:\/\/metgears.eu\/#organization"},"potentialAction":[{"@type":"SearchAction","target":{"@type":"EntryPoint","urlTemplate":"https:\/\/metgears.eu\/?s={search_term_string}"},"query-input":"required name=search_term_string"}],"inLanguage":"en-US"},{"@type":"Organization","@id":"https:\/\/metgears.eu\/#organization","name":"Met Gears","url":"https:\/\/metgears.eu\/","logo":{"@type":"ImageObject","inLanguage":"en-US","@id":"https:\/\/metgears.eu\/#\/schema\/logo\/image\/","url":"https:\/\/metgears.eu\/wp-content\/uploads\/2023\/02\/Logo-01.png","contentUrl":"https:\/\/metgears.eu\/wp-content\/uploads\/2023\/02\/Logo-01.png","width":220,"height":70,"caption":"Met Gears"},"image":{"@id":"https:\/\/metgears.eu\/#\/schema\/logo\/image\/"}}]}},"_links":{"self":[{"href":"https:\/\/metgears.eu\/en\/wp-json\/wp\/v2\/pages\/3"}],"collection":[{"href":"https:\/\/metgears.eu\/en\/wp-json\/wp\/v2\/pages"}],"about":[{"href":"https:\/\/metgears.eu\/en\/wp-json\/wp\/v2\/types\/page"}],"author":[{"embeddable":true,"href":"https:\/\/metgears.eu\/en\/wp-json\/wp\/v2\/users\/1"}],"replies":[{"embeddable":true,"href":"https:\/\/metgears.eu\/en\/wp-json\/wp\/v2\/comments?post=3"}],"version-history":[{"count":12,"href":"https:\/\/metgears.eu\/en\/wp-json\/wp\/v2\/pages\/3\/revisions"}],"predecessor-version":[{"id":937,"href":"https:\/\/metgears.eu\/en\/wp-json\/wp\/v2\/pages\/3\/revisions\/937"}],"wp:attachment":[{"href":"https:\/\/metgears.eu\/en\/wp-json\/wp\/v2\/media?parent=3"}],"curies":[{"name":"wp","href":"https:\/\/api.w.org\/{rel}","templated":true}]}}